{"id":173,"date":"2025-11-19T11:36:47","date_gmt":"2025-11-19T10:36:47","guid":{"rendered":"https:\/\/ah.osogo.at\/?page_id=173"},"modified":"2025-11-19T11:36:47","modified_gmt":"2025-11-19T10:36:47","slug":"bestellung","status":"publish","type":"page","link":"https:\/\/ah.osogo.at\/index.php\/bestellung\/","title":{"rendered":"Bestellung"},"content":{"rendered":"\n<p>asdfjhasdlkfja\u00f6sdjf\u00f6lkasjdf<\/p>\n\n\n\n<p>Wie viele Meter Apfelhecke werden ben\u00f6tigt?<\/p>\n\n\n\n<input type=\"text\" id=\"anzahl\"\/>\n\n\n\n<p>Sortenauswahl:<\/p>\n\n\n\n<fieldset>\n  <legend>Bitte ausw\u00e4hlen:<\/legend>\n\n\n<div>\n    <input type=\"radio\" id=\"huey\" name=\"sel\" value=\"ich m\u00f6chte die Sorten selbst ausw\u00e4hlen!\" checked \/>\n    <label for=\"huey\">ich m\u00f6chte die Sorten selbst ausw\u00e4hlen!<\/label>\n  <\/div>\n\n  <div>\n    <input type=\"radio\" id=\"huey\" name=\"sel\" value=\"Sortenauswahl durch OSOGO\" \/>\n    <label for=\"huey\">Sortenauswahl durch OSOGO<\/label>\n  <\/div>  \n\n\n<\/fieldset>\n\n\n\n<input type=\"Submit\" value=\"Weiter\">\n\n\n\n<p><\/p>\n","protected":false},"excerpt":{"rendered":"<p>asdfjhasdlkfja\u00f6sdjf\u00f6lkasjdf Wie viele Meter Apfelhecke werden ben\u00f6tigt? Sortenauswahl: Bitte ausw\u00e4hlen: ich m\u00f6chte die Sorten selbst ausw\u00e4hlen! Sortenauswahl durch OSOGO<\/p>\n","protected":false},"author":1,"featured_media":0,"parent":0,"menu_order":0,"comment_status":"closed","ping_status":"closed","template":"","meta":{"footnotes":""},"class_list":["post-173","page","type-page","status-publish","hentry"],"_links":{"self":[{"href":"https:\/\/ah.osogo.at\/index.php\/wp-json\/wp\/v2\/pages\/173","targetHints":{"allow":["GET"]}}],"collection":[{"href":"https:\/\/ah.osogo.at\/index.php\/wp-json\/wp\/v2\/pages"}],"about":[{"href":"https:\/\/ah.osogo.at\/index.php\/wp-json\/wp\/v2\/types\/page"}],"author":[{"embeddable":true,"href":"https:\/\/ah.osogo.at\/index.php\/wp-json\/wp\/v2\/users\/1"}],"replies":[{"embeddable":true,"href":"https:\/\/ah.osogo.at\/index.php\/wp-json\/wp\/v2\/comments?post=173"}],"version-history":[{"count":1,"href":"https:\/\/ah.osogo.at\/index.php\/wp-json\/wp\/v2\/pages\/173\/revisions"}],"predecessor-version":[{"id":174,"href":"https:\/\/ah.osogo.at\/index.php\/wp-json\/wp\/v2\/pages\/173\/revisions\/174"}],"wp:attachment":[{"href":"https:\/\/ah.osogo.at\/index.php\/wp-json\/wp\/v2\/media?parent=173"}],"curies":[{"name":"wp","href":"https:\/\/api.w.org\/{rel}","templated":true}]}}